{"id":16836,"date":"2017-03-23T13:57:04","date_gmt":"2017-03-23T13:57:04","guid":{"rendered":"http:\/\/www.taxiboleslawiec.com.pl\/?page_id=16836"},"modified":"2021-01-20T14:37:38","modified_gmt":"2021-01-20T14:37:38","slug":"oferta","status":"publish","type":"page","link":"https:\/\/www.taxiboleslawiec.com.pl\/?page_id=16836","title":{"rendered":"Oferta"},"content":{"rendered":"<p>[vc_row row_type=&#8221;row&#8221; use_row_as_full_screen_section=&#8221;no&#8221; type=&#8221;grid&#8221; angled_section=&#8221;no&#8221; text_align=&#8221;left&#8221; background_image_as_pattern=&#8221;without_pattern&#8221; css_animation=&#8221;&#8221;][vc_column][vc_separator type=&#8221;normal&#8221; color=&#8221;#f6ce1b&#8221; thickness=&#8221;1&#8243;][vc_column_text]<\/p>\n<h3 style=\"text-align: center;\"><strong>Oferta<\/strong><\/h3>\n<p>[\/vc_column_text][vc_separator type=&#8221;normal&#8221; color=&#8221;#f6ce1b&#8221; thickness=&#8221;1&#8243;][vc_column_text]<\/p>\n<p style=\"text-align: center;\"><strong>Nasza oferta skierowana jest do os\u00f3b prywatnych jak r\u00f3wnie\u017c do firm.<\/strong><\/p>\n<p>[\/vc_column_text][vc_separator type=&#8221;transparent&#8221; thickness=&#8221;1&#8243; up=&#8221;5&#8243; down=&#8221;5&#8243;][vc_column_text]<\/p>\n<ul>\n<li style=\"text-align: center;\">drobne zakupy na telefon<\/li>\n<li style=\"text-align: center;\">odwo\u017cenie dzieci do szk\u00f3\u0142 i przedszkoli<\/li>\n<li style=\"text-align: center;\">odprowadzanie samochodu klienta<\/li>\n<li style=\"text-align: center;\">holowanie samochodu klienta<\/li>\n<li style=\"text-align: center;\">odpalanie samochodu klienta za pomoc\u0105 kabli rozruchowych<\/li>\n<li style=\"text-align: center;\">posiadamy samochody sze\u015bciu osobowe<\/li>\n<\/ul>\n<p>[\/vc_column_text][vc_separator type=&#8221;transparent&#8221; thickness=&#8221;1&#8243; up=&#8221;5&#8243; down=&#8221;5&#8243;][vc_column_text]<\/p>\n<p style=\"text-align: center;\"><strong>Zapewniamy 100% dyskrecji.<\/strong><\/p>\n<p>[\/vc_column_text][vc_separator type=&#8221;transparent&#8221; thickness=&#8221;1&#8243;][vc_separator type=&#8221;transparent&#8221; thickness=&#8221;1&#8243;][\/vc_column][\/vc_row]<\/p>\n","protected":false},"excerpt":{"rendered":"<p>[vc_row row_type=&#8221;row&#8221; use_row_as_full_screen_section=&#8221;no&#8221; type=&#8221;grid&#8221; angled_section=&#8221;no&#8221; text_align=&#8221;left&#8221; background_image_as_pattern=&#8221;without_pattern&#8221; css_animation=&#8221;&#8221;][vc_column][vc_separator type=&#8221;normal&#8221; color=&#8221;#f6ce1b&#8221; thickness=&#8221;1&#8243;][vc_column_text] Oferta [\/vc_column_text][vc_separator type=&#8221;normal&#8221; color=&#8221;#f6ce1b&#8221; thickness=&#8221;1&#8243;][vc_column_text] Nasza oferta skierowana jest do os\u00f3b prywatnych jak r\u00f3wnie\u017c do firm. [\/vc_column_text][vc_separator type=&#8221;transparent&#8221; thickness=&#8221;1&#8243; up=&#8221;5&#8243; down=&#8221;5&#8243;][vc_column_text] drobne zakupy na telefon odwo\u017cenie dzieci do szk\u00f3\u0142 i przedszkoli odprowadzanie samochodu klienta&#8230;<\/p>\n","protected":false},"author":1,"featured_media":0,"parent":0,"menu_order":0,"comment_status":"closed","ping_status":"closed","template":"","meta":{"footnotes":""},"_links":{"self":[{"href":"https:\/\/www.taxiboleslawiec.com.pl\/index.php?rest_route=\/wp\/v2\/pages\/16836"}],"collection":[{"href":"https:\/\/www.taxiboleslawiec.com.pl\/index.php?rest_route=\/wp\/v2\/pages"}],"about":[{"href":"https:\/\/www.taxiboleslawiec.com.pl\/index.php?rest_route=\/wp\/v2\/types\/page"}],"author":[{"embeddable":true,"href":"https:\/\/www.taxiboleslawiec.com.pl\/index.php?rest_route=\/wp\/v2\/users\/1"}],"replies":[{"embeddable":true,"href":"https:\/\/www.taxiboleslawiec.com.pl\/index.php?rest_route=%2Fwp%2Fv2%2Fcomments&post=16836"}],"version-history":[{"count":94,"href":"https:\/\/www.taxiboleslawiec.com.pl\/index.php?rest_route=\/wp\/v2\/pages\/16836\/revisions"}],"predecessor-version":[{"id":17089,"href":"https:\/\/www.taxiboleslawiec.com.pl\/index.php?rest_route=\/wp\/v2\/pages\/16836\/revisions\/17089"}],"wp:attachment":[{"href":"https:\/\/www.taxiboleslawiec.com.pl\/index.php?rest_route=%2Fwp%2Fv2%2Fmedia&parent=16836"}],"curies":[{"name":"wp","href":"https:\/\/api.w.org\/{rel}","templated":true}]}}