{"id":14869,"date":"2014-05-20T07:51:11","date_gmt":"2014-05-20T07:51:11","guid":{"rendered":"http:\/\/demo.qodeinteractive.com\/bridge51\/?page_id=14869"},"modified":"2021-01-20T14:17:57","modified_gmt":"2021-01-20T14:17:57","slug":"home-7","status":"publish","type":"page","link":"https:\/\/www.taxiboleslawiec.com.pl\/","title":{"rendered":"Home"},"content":{"rendered":"<p>[vc_row row_type=&#8221;row&#8221; use_row_as_full_screen_section=&#8221;no&#8221; type=&#8221;grid&#8221; angled_section=&#8221;no&#8221; text_align=&#8221;left&#8221; background_image_as_pattern=&#8221;without_pattern&#8221; css_animation=&#8221;&#8221;][vc_column width=&#8221;1\/3&#8243;][vc_separator type=&#8221;transparent&#8221;]<a  href=\"tel: 75 734 84 44\" target=\"_self\"  class=\"qbutton  big_large_full_width default\" style=\"\">Zadzwo\u0144 \/ Call Us \/ Anruf<\/a>[vc_separator type=&#8221;transparent&#8221;][\/vc_column][vc_column width=&#8221;2\/3&#8243;][vc_separator type=&#8221;transparent&#8221;]<a  href=\"https:\/\/play.google.com\/store\/apps\/details?id=pl.gda.infonet.radiotaxiboleslawiec\" target=\"_self\"  class=\"qbutton  big_large_full_width default\" style=\"\">Zam\u00f3w online \/ Order online \/ Online bestellen<\/a>[vc_separator type=&#8221;transparent&#8221;][\/vc_column][\/vc_row][vc_row row_type=&#8221;row&#8221; use_row_as_full_screen_section=&#8221;no&#8221; type=&#8221;grid&#8221; angled_section=&#8221;no&#8221; text_align=&#8221;left&#8221; background_image_as_pattern=&#8221;without_pattern&#8221; background_color=&#8221;#ffffff&#8221; padding_top=&#8221;16&#8243; padding_bottom=&#8221;0&#8243; css_animation=&#8221;&#8221;][vc_column][vc_separator type=&#8221;transparent&#8221;][vc_column_text]<\/p>\n<h3 style=\"text-align: center;\">Witamy na stronie Radio Taxi Boles\u0142awiec<\/h3>\n<p>[\/vc_column_text][vc_separator type=&#8221;normal&#8221; color=&#8221;#ffc21c&#8221; thickness=&#8221;1&#8243;][vc_column_text]<\/p>\n<p style=\"text-align: center;\">Korporacja taks\u00f3wkarska <strong>Radio Taxi Boles\u0142awiec<\/strong> powsta\u0142a w wyniku po\u0142\u0105czenia dw\u00f3ch mniejszych korporacji: <strong>Taxi 919<\/strong> oraz <strong>Taxi 910<\/strong>. Obecnie nasza flota liczy ponad czterdzie\u015bci aut i jest najwi\u0119ksz\u0105 tego typu firm\u0105 na lokalnym rynku. Jeste\u015bmy do Pa\u0144stwa dyspozycji przez <strong>24 godziny na dob\u0119<\/strong>. Nasza korporacja bazuje na systemie dyspozytorskim <strong>RT3000<\/strong> wykorzystywanych w wi\u0119kszo\u015bci korporacji taks\u00f3wkowych du\u017cych miast co powoduje bardzo szybkie wydanie zlecenia taks\u00f3wkarzowi i przyjazd do klienta. Wieloletnie do\u015bwiadczenie \u2013 ponad dwudziestoletnie \u2013 w transporcie osobowym sprawia, \u017ce gwarantujemy pe\u0142ny profesjonalizm i zapewniamy wysoki stopie\u0144 bezpiecze\u0144stwa jazdy. Dbamy o to, by samochody, kt\u00f3rymi Pa\u0144stwo podr\u00f3\u017cujecie by\u0142y nie tylko wygodne ale tak\u017ce zawsze w idealnym stanie technicznym.<\/p>\n<p>&nbsp;<\/p>\n<p style=\"text-align: center;\"><strong>Gdy potrzebujecie Pa\u0144stwo odpowiedzialnego przewo\u017anika, kt\u00f3ry poza atrakcyjn\u0105 cen\u0105 oferuje wysok\u0105 jako\u015b\u0107 us\u0142ugi i bezpiecze\u0144stwo \u2013 wybierzcie w\u0142a\u015bnie nas. Warto nam zaufa\u0107.<\/strong><\/p>\n<p>[\/vc_column_text][vc_separator type=&#8221;transparent&#8221; up=&#8221;39&#8243; down=&#8221;0&#8243;][vc_separator type=&#8221;normal&#8221; color=&#8221;#ffc21c&#8221; thickness=&#8221;1&#8243;][vc_column_text]<\/p>\n<h3 style=\"text-align: center;\">OFERUJEMY:<\/h3>\n<p>[\/vc_column_text][vc_separator type=&#8221;normal&#8221; color=&#8221;#ffc21c&#8221; thickness=&#8221;1&#8243;][vc_column_text]<\/p>\n<p style=\"text-align: center;\">Nasza oferta skierowana jest do os\u00f3b prywatnych jak r\u00f3wnie\u017c do firm.<\/p>\n<p>[\/vc_column_text][\/vc_column][\/vc_row][vc_row row_type=&#8221;row&#8221; use_row_as_full_screen_section=&#8221;no&#8221; type=&#8221;grid&#8221; angled_section=&#8221;no&#8221; text_align=&#8221;left&#8221; background_image_as_pattern=&#8221;without_pattern&#8221; css_animation=&#8221;&#8221;][vc_column width=&#8221;1\/3&#8243;][vc_separator type=&#8221;transparent&#8221; up=&#8221;39&#8243; down=&#8221;0&#8243;][vc_single_image image=&#8221;17081&#8243; img_size=&#8221;full&#8221; alignment=&#8221;right&#8221; qode_css_animation=&#8221;&#8221;][vc_separator type=&#8221;transparent&#8221; up=&#8221;39&#8243; down=&#8221;0&#8243;][vc_column_text]<\/p>\n<ul>\n<li>drobne zakupy na telefon<\/li>\n<li>odwo\u017cenie dzieci do szk\u00f3\u0142 i przedszkoli<\/li>\n<\/ul>\n<p>[\/vc_column_text][vc_separator type=&#8221;transparent&#8221; up=&#8221;39&#8243; down=&#8221;0&#8243;][\/vc_column][vc_column width=&#8221;1\/3&#8243;][vc_separator type=&#8221;transparent&#8221; up=&#8221;39&#8243; down=&#8221;0&#8243;][vc_single_image image=&#8221;17082&#8243; img_size=&#8221;full&#8221; alignment=&#8221;right&#8221; qode_css_animation=&#8221;&#8221;][vc_separator type=&#8221;transparent&#8221; up=&#8221;39&#8243; down=&#8221;0&#8243;][vc_column_text]<\/p>\n<ul>\n<li>odprowadzanie samochodu klienta<\/li>\n<li>holowanie samochodu klienta<\/li>\n<\/ul>\n<p>[\/vc_column_text][vc_separator type=&#8221;transparent&#8221; up=&#8221;39&#8243; down=&#8221;0&#8243;][\/vc_column][vc_column width=&#8221;1\/3&#8243;][vc_separator type=&#8221;transparent&#8221; up=&#8221;39&#8243; down=&#8221;0&#8243;][vc_single_image image=&#8221;17083&#8243; img_size=&#8221;full&#8221; alignment=&#8221;right&#8221; qode_css_animation=&#8221;&#8221;][vc_separator type=&#8221;transparent&#8221; up=&#8221;39&#8243; down=&#8221;0&#8243;][vc_column_text]<\/p>\n<ul>\n<li>odpalanie samochodu klienta za pomoc\u0105 kabli rozruchowych<\/li>\n<li>posiadamy samochody sze\u015bciu osobowe<\/li>\n<\/ul>\n<p>[\/vc_column_text][vc_separator type=&#8221;transparent&#8221; up=&#8221;39&#8243; down=&#8221;0&#8243;][\/vc_column][\/vc_row]<\/p>\n","protected":false},"excerpt":{"rendered":"<p>[vc_row row_type=&#8221;row&#8221; use_row_as_full_screen_section=&#8221;no&#8221; type=&#8221;grid&#8221; angled_section=&#8221;no&#8221; text_align=&#8221;left&#8221; background_image_as_pattern=&#8221;without_pattern&#8221; css_animation=&#8221;&#8221;][vc_column width=&#8221;1\/3&#8243;][vc_separator type=&#8221;transparent&#8221;][vc_separator type=&#8221;transparent&#8221;][\/vc_column][vc_column width=&#8221;2\/3&#8243;][vc_separator type=&#8221;transparent&#8221;][vc_separator type=&#8221;transparent&#8221;][\/vc_column][\/vc_row][vc_row row_type=&#8221;row&#8221; use_row_as_full_screen_section=&#8221;no&#8221; type=&#8221;grid&#8221; angled_section=&#8221;no&#8221; text_align=&#8221;left&#8221; background_image_as_pattern=&#8221;without_pattern&#8221; background_color=&#8221;#ffffff&#8221; padding_top=&#8221;16&#8243; padding_bottom=&#8221;0&#8243; css_animation=&#8221;&#8221;][vc_column][vc_separator type=&#8221;transparent&#8221;][vc_column_text] Witamy na stronie Radio Taxi Boles\u0142awiec [\/vc_column_text][vc_separator type=&#8221;normal&#8221; color=&#8221;#ffc21c&#8221; thickness=&#8221;1&#8243;][vc_column_text] Korporacja taks\u00f3wkarska Radio Taxi Boles\u0142awiec powsta\u0142a w wyniku po\u0142\u0105czenia dw\u00f3ch&#8230;<\/p>\n","protected":false},"author":1,"featured_media":0,"parent":0,"menu_order":0,"comment_status":"open","ping_status":"open","template":"full_width.php","meta":{"footnotes":""},"_links":{"self":[{"href":"https:\/\/www.taxiboleslawiec.com.pl\/index.php?rest_route=\/wp\/v2\/pages\/14869"}],"collection":[{"href":"https:\/\/www.taxiboleslawiec.com.pl\/index.php?rest_route=\/wp\/v2\/pages"}],"about":[{"href":"https:\/\/www.taxiboleslawiec.com.pl\/index.php?rest_route=\/wp\/v2\/types\/page"}],"author":[{"embeddable":true,"href":"https:\/\/www.taxiboleslawiec.com.pl\/index.php?rest_route=\/wp\/v2\/users\/1"}],"replies":[{"embeddable":true,"href":"https:\/\/www.taxiboleslawiec.com.pl\/index.php?rest_route=%2Fwp%2Fv2%2Fcomments&post=14869"}],"version-history":[{"count":64,"href":"https:\/\/www.taxiboleslawiec.com.pl\/index.php?rest_route=\/wp\/v2\/pages\/14869\/revisions"}],"predecessor-version":[{"id":17105,"href":"https:\/\/www.taxiboleslawiec.com.pl\/index.php?rest_route=\/wp\/v2\/pages\/14869\/revisions\/17105"}],"wp:attachment":[{"href":"https:\/\/www.taxiboleslawiec.com.pl\/index.php?rest_route=%2Fwp%2Fv2%2Fmedia&parent=14869"}],"curies":[{"name":"wp","href":"https:\/\/api.w.org\/{rel}","templated":true}]}}